{"id":378,"date":"2025-11-27T07:27:08","date_gmt":"2025-11-27T07:27:08","guid":{"rendered":"https:\/\/www.celularesparatodos.com\/?page_id=378"},"modified":"2025-11-27T09:27:25","modified_gmt":"2025-11-27T09:27:25","slug":"contactame","status":"publish","type":"page","link":"https:\/\/www.celularesparatodos.com\/?page_id=378","title":{"rendered":"Contactame"},"content":{"rendered":"\n<h1 class=\"wp-block-heading alignfull has-text-align-center has--font-size\"><em>Cont\u00e1ctanos<\/em><\/h1>\n\n\n<style>.wp-block-kadence-advancedheading.kt-adv-heading378_efa40a-45, .wp-block-kadence-advancedheading.kt-adv-heading378_efa40a-45[data-kb-block=\"kb-adv-heading378_efa40a-45\"]{text-align:left;font-style:normal;}.wp-block-kadence-advancedheading.kt-adv-heading378_efa40a-45 mark.kt-highlight, .wp-block-kadence-advancedheading.kt-adv-heading378_efa40a-45[data-kb-block=\"kb-adv-heading378_efa40a-45\"] mark.kt-highlight{font-style:normal;color:#f76a0c;-webkit-box-decoration-break:clone;box-decoration-break:clone;padding-top:0px;padding-right:0px;padding-bottom:0px;padding-left:0px;}.wp-block-kadence-advancedheading.kt-adv-heading378_efa40a-45 img.kb-inline-image, .wp-block-kadence-advancedheading.kt-adv-heading378_efa40a-45[data-kb-block=\"kb-adv-heading378_efa40a-45\"] img.kb-inline-image{width:150px;vertical-align:baseline;}<\/style>\n<h6 class=\"kt-adv-heading378_efa40a-45 wp-block-kadence-advancedheading\" data-kb-block=\"kb-adv-heading378_efa40a-45\">Estamos siempre disponibles para ayudarte con tus necesidades de reparaci\u00f3n y repuestos de iPhone y Android. Ya sea que necesites una <strong>pantalla nueva, reparaci\u00f3n de hardware, asesor\u00eda especializada<\/strong>, un firmware free o simplemente quieras hacer una consulta, nuestro equipo est\u00e1 listo para brindarte atenci\u00f3n r\u00e1pida y personalizada.<\/h6>\n\n\n\n<div class=\"wpcf7 no-js\" id=\"wpcf7-f384-o1\" lang=\"en-US\" dir=\"ltr\" data-wpcf7-id=\"384\">\n<div class=\"screen-reader-response\"><p role=\"status\" aria-live=\"polite\" aria-atomic=\"true\"><\/p> <ul><\/ul><\/div>\n<form action=\"\/index.php?rest_route=%2Fwp%2Fv2%2Fpages%2F378#wpcf7-f384-o1\" method=\"post\" class=\"wpcf7-form init\" aria-label=\"Contact form\" novalidate=\"novalidate\" data-status=\"init\">\n<fieldset class=\"hidden-fields-container\"><input type=\"hidden\" name=\"_wpcf7\" value=\"384\" \/><input type=\"hidden\" name=\"_wpcf7_version\" value=\"6.1.5\" \/><input type=\"hidden\" name=\"_wpcf7_locale\" value=\"en_US\" \/><input type=\"hidden\" name=\"_wpcf7_unit_tag\" value=\"wpcf7-f384-o1\" \/><input type=\"hidden\" name=\"_wpcf7_container_post\" value=\"0\" \/><input type=\"hidden\" name=\"_wpcf7_posted_data_hash\" value=\"\" \/>\n<\/fieldset>\n<p><label> Name \"Nombre\"<br \/>\n<span class=\"wpcf7-form-control-wrap\" data-name=\"your-name\"><input size=\"40\" maxlength=\"400\" class=\"wpcf7-form-control wpcf7-text wpcf7-validates-as-required\" aria-required=\"true\" aria-invalid=\"false\" placeholder=\"Your name\" value=\"\" type=\"text\" name=\"your-name\" \/><\/span><br \/>\n<\/label>\n<\/p>\n<p><label> Email \"Correo Electronico\"<br \/>\n<span class=\"wpcf7-form-control-wrap\" data-name=\"your-email\"><input size=\"40\" maxlength=\"400\" class=\"wpcf7-form-control wpcf7-email wpcf7-validates-as-required wpcf7-text wpcf7-validates-as-email\" aria-required=\"true\" aria-invalid=\"false\" placeholder=\"Your email\" value=\"\" type=\"email\" name=\"your-email\" \/><\/span><br \/>\n<\/label>\n<\/p>\n<p><label> Phone \"Numero Celular\"<br \/>\n<span class=\"wpcf7-form-control-wrap\" data-name=\"your-phone\"><input size=\"40\" maxlength=\"400\" class=\"wpcf7-form-control wpcf7-tel wpcf7-text wpcf7-validates-as-tel\" aria-invalid=\"false\" placeholder=\"Your phone optional\" value=\"\" type=\"tel\" name=\"your-phone\" \/><\/span><br \/>\n<\/label>\n<\/p>\n<p><label> Message \"Escribe tu Mensaje\"<br \/>\n<span class=\"wpcf7-form-control-wrap\" data-name=\"your-message\"><textarea cols=\"40\" rows=\"10\" maxlength=\"2000\" class=\"wpcf7-form-control wpcf7-textarea wpcf7-validates-as-required\" aria-required=\"true\" aria-invalid=\"false\" placeholder=\"Write your message here\" name=\"your-message\"><\/textarea><\/span><br \/>\n<\/label>\n<\/p>\n<p><input class=\"wpcf7-form-control wpcf7-submit has-spinner\" type=\"submit\" value=\"Send\" \/>\n<\/p><div class=\"wpcf7-response-output\" aria-hidden=\"true\"><\/div>\n<\/form>\n<\/div>\n\n\n\n\n<p><\/p>\n","protected":false},"excerpt":{"rendered":"<p>Cont\u00e1ctanos Estamos siempre disponibles para ayudarte con tus necesidades de reparaci\u00f3n y repuestos de iPhone y Android. Ya sea que necesites una pantalla nueva, reparaci\u00f3n de hardware, asesor\u00eda especializada, un firmware free o simplemente quieras hacer una consulta, nuestro equipo est\u00e1 listo para brindarte atenci\u00f3n r\u00e1pida y personalizada.<\/p>\n","protected":false},"author":1,"featured_media":0,"parent":0,"menu_order":0,"comment_status":"closed","ping_status":"closed","template":"","meta":{"_kad_post_transparent":"","_kad_post_title":"hide","_kad_post_layout":"","_kad_post_sidebar_id":"","_kad_post_content_style":"unboxed","_kad_post_vertical_padding":"","_kad_post_feature":"","_kad_post_feature_position":"","_kad_post_header":false,"_kad_post_footer":false,"_kad_post_classname":"","footnotes":""},"class_list":["post-378","page","type-page","status-publish","hentry"],"_links":{"self":[{"href":"https:\/\/www.celularesparatodos.com\/index.php?rest_route=\/wp\/v2\/pages\/378","targetHints":{"allow":["GET"]}}],"collection":[{"href":"https:\/\/www.celularesparatodos.com\/index.php?rest_route=\/wp\/v2\/pages"}],"about":[{"href":"https:\/\/www.celularesparatodos.com\/index.php?rest_route=\/wp\/v2\/types\/page"}],"author":[{"embeddable":true,"href":"https:\/\/www.celularesparatodos.com\/index.php?rest_route=\/wp\/v2\/users\/1"}],"replies":[{"embeddable":true,"href":"https:\/\/www.celularesparatodos.com\/index.php?rest_route=%2Fwp%2Fv2%2Fcomments&post=378"}],"version-history":[{"count":6,"href":"https:\/\/www.celularesparatodos.com\/index.php?rest_route=\/wp\/v2\/pages\/378\/revisions"}],"predecessor-version":[{"id":394,"href":"https:\/\/www.celularesparatodos.com\/index.php?rest_route=\/wp\/v2\/pages\/378\/revisions\/394"}],"wp:attachment":[{"href":"https:\/\/www.celularesparatodos.com\/index.php?rest_route=%2Fwp%2Fv2%2Fmedia&parent=378"}],"curies":[{"name":"wp","href":"https:\/\/api.w.org\/{rel}","templated":true}]}}